{"id":2,"date":"2017-05-05T19:27:58","date_gmt":"2017-05-05T17:27:58","guid":{"rendered":"http:\/\/radio-d.fr\/?page_id=2"},"modified":"2023-01-26T16:27:23","modified_gmt":"2023-01-26T15:27:23","slug":"page-d-exemple","status":"publish","type":"page","link":"https:\/\/radio-d.fr\/","title":{"rendered":"Radio D"},"content":{"rendered":"<p>Bienvenue sur Radio D, la radio des sons rares ! Faces b, seconds couteaux, originaux, d\u00e9class\u00e9s, oubli\u00e9s, tirages confidentiels, de l&#8217;underground, du rare, du f\u00e9tichiste, toute la musique et les sons que l&#8217;on n&#8217;entend pas ailleurs, la radio des sons sauvages, sans limite !<\/p>\n<p><iframe src=\"https:\/\/player.radioking.io\/radio-d\/?c=%2380B7D3&amp;c2=%23ffffff&amp;f=v&amp;i=1&amp;p=1&amp;s=0&amp;li=1&amp;popup=1&amp;plc=NaN&amp;h=365&amp;l=undefined&amp;v=2\" style=\"border-radius: 5px; width: 275px; height: 365px; \" frameborder=\"0\"><\/iframe><script type=\"text\/javascript\" src=\"https:\/\/player.radioking.io\/scripts\/iframe.bundle.js\"><\/script><\/p>\n<div id=\"rk-played-tracks-widget\" data-id=\"radio-d\" data-count=\"10\" data-date=\"1\" data-buy=\"1\"><\/div>\n<p><script type=\"text\/javascript\" src=\"https:\/\/widget.radioking.io\/played-tracks\/build\/script.min.js\"><\/script><\/p>\n\n<div class=\"twitter-share\"><a href=\"https:\/\/twitter.com\/intent\/tweet?via=DDayDisc\" class=\"twitter-share-button\" data-size=\"large\">Tweet<\/a><\/div>\n","protected":false},"excerpt":{"rendered":"<p>Bienvenue sur Radio D, la radio des sons rares ! Faces b, seconds couteaux, originaux, d\u00e9class\u00e9s, oubli\u00e9s, tirages confidentiels, de l&#8217;underground, du rare, du f\u00e9tichiste, toute la musique et les sons que l&#8217;on n&#8217;entend pas ailleurs, la radio des sons sauvages, sans limite !<\/p>\n","protected":false},"author":1,"featured_media":0,"parent":0,"menu_order":0,"comment_status":"closed","ping_status":"open","template":"","meta":[],"_links":{"self":[{"href":"https:\/\/radio-d.fr\/index.php\/wp-json\/wp\/v2\/pages\/2"}],"collection":[{"href":"https:\/\/radio-d.fr\/index.php\/wp-json\/wp\/v2\/pages"}],"about":[{"href":"https:\/\/radio-d.fr\/index.php\/wp-json\/wp\/v2\/types\/page"}],"author":[{"embeddable":true,"href":"https:\/\/radio-d.fr\/index.php\/wp-json\/wp\/v2\/users\/1"}],"replies":[{"embeddable":true,"href":"https:\/\/radio-d.fr\/index.php\/wp-json\/wp\/v2\/comments?post=2"}],"version-history":[{"count":10,"href":"https:\/\/radio-d.fr\/index.php\/wp-json\/wp\/v2\/pages\/2\/revisions"}],"predecessor-version":[{"id":385,"href":"https:\/\/radio-d.fr\/index.php\/wp-json\/wp\/v2\/pages\/2\/revisions\/385"}],"wp:attachment":[{"href":"https:\/\/radio-d.fr\/index.php\/wp-json\/wp\/v2\/media?parent=2"}],"curies":[{"name":"wp","href":"https:\/\/api.w.org\/{rel}","templated":true}]}}